{"id":7,"date":"2018-11-19T08:45:31","date_gmt":"2018-11-19T08:45:31","guid":{"rendered":"https:\/\/dimax.al\/?page_id=7"},"modified":"2020-08-06T08:51:15","modified_gmt":"2020-08-06T08:51:15","slug":"home","status":"publish","type":"page","link":"https:\/\/dimax.al\/","title":{"rendered":"HOME"},"content":{"rendered":"<div class=\"wpb-content-wrapper\"><p>[vc_row bg_type=&#8221;bg_color&#8221; bg_override=&#8221;ex-full&#8221; css=&#8221;.vc_custom_1542793306557{margin-top: -70px !important;}&#8221; bg_color_value=&#8221;#fcd200&#8243;][vc_column width=&#8221;2\/3&#8243;][vc_custom_heading text=&#8221;P\u00ebr \u00e7do pyetje mos hezitoni t\u00eb na kontaktoni&#8221; font_container=&#8221;tag:h2|font_size:26|text_align:center|color:%23494949&#8243; google_fonts=&#8221;font_family:Bitter%3Aregular%2Citalic%2C700|font_style:400%20regular%3A400%3Anormal&#8221; css=&#8221;.vc_custom_1542620467539{padding-left: 20px !important;}&#8221;][\/vc_column][vc_column width=&#8221;1\/3&#8243;][vc_btn title=&#8221;Kontakt&#8221; style=&#8221;custom&#8221; custom_background=&#8221;#3a3a3c&#8221; custom_text=&#8221;#ffffff&#8221; shape=&#8221;square&#8221; size=&#8221;lg&#8221; align=&#8221;center&#8221; css=&#8221;.vc_custom_1542788310218{margin-top: -10px !important;}&#8221; link=&#8221;url:%2Findex.php%2Fkontakt%2F|||&#8221;][\/vc_column][\/vc_row][vc_row][vc_column width=&#8221;1\/2&#8243;][vc_custom_heading text=&#8221;MIR\u00cbSEVINI N\u00cb WEBSITE-IN TON\u00cb<br \/>\n&#8221; font_container=&#8221;tag:h2|font_size:19.2855px|text_align:left|color:%23727272&#8243; google_fonts=&#8221;font_family:Bitter%3Aregular%2Citalic%2C700|font_style:400%20regular%3A400%3Anormal&#8221;][vc_custom_heading text=&#8221;Dimax Albania sh.p.k&#8221; font_container=&#8221;tag:h2|font_size:40px|text_align:left|color:%23353535&#8243; google_fonts=&#8221;font_family:Bitter%3Aregular%2Citalic%2C700|font_style:700%20bold%20regular%3A700%3Anormal&#8221; css=&#8221;.vc_custom_1553614837114{margin-top: -20px !important;}&#8221;][vc_column_text]<\/p>\n<p style=\"text-align: justify;\"><strong>Dimax Albania,\u00a0<\/strong>e themeluar n\u00eb vitin 2013,<strong>\u00a0<\/strong>\u00ebsht\u00eb kompani e specializuar n\u00eb sektorin\u00a0 hidraulik dhe industrial. Aktiviteti kryesor konsiston n\u00eb tregtimin e rekordeve dhe tubave me presione t\u00eb ndryshme.<\/p>\n<p>[\/vc_column_text][vc_row_inner][vc_column_inner width=&#8221;1\/3&#8243;][vc_btn title=&#8221;RRETH NESH&#8221; style=&#8221;custom&#8221; custom_background=&#8221;#fcd404&#8243; custom_text=&#8221;#ffffff&#8221; shape=&#8221;square&#8221; link=&#8221;url:%2Findex.php%2Frreth-nesh%2F|||&#8221;][\/vc_column_inner][vc_column_inner width=&#8221;1\/3&#8243;][vc_btn title=&#8221;T\u00cb REJAT&#8221; style=&#8221;custom&#8221; custom_background=&#8221;#3a3a3c&#8221; custom_text=&#8221;#ffffff&#8221; shape=&#8221;square&#8221; link=&#8221;url:%2Findex.php%2Fte-rejat%2F|||&#8221;][\/vc_column_inner][vc_column_inner width=&#8221;1\/3&#8243;][\/vc_column_inner][\/vc_row_inner][\/vc_column][vc_column width=&#8221;1\/2&#8243;][vc_single_image image=&#8221;21&#8243; img_size=&#8221;full&#8221;][\/vc_column][\/vc_row][vc_row][vc_column][vc_custom_heading text=&#8221;PRODUKTET TONA&#8221; font_container=&#8221;tag:h2|font_size:30|text_align:left|color:%23353535&#8243; google_fonts=&#8221;font_family:Bitter%3Aregular%2Citalic%2C700|font_style:700%20bold%20regular%3A700%3Anormal&#8221;][vc_separator color=&#8221;custom&#8221; border_width=&#8221;2&#8243; accent_color=&#8221;#fcd404&#8243;][\/vc_column][\/vc_row][vc_row][vc_column width=&#8221;1\/4&#8243;]\n<div tabindex=\"0\" id=\"interactive-banner-1-wrap-7671\" class=\"ult-banner-block ult-adjust-bottom-margin ult-bb-box  banner-style01 \"   style=\"\">\n\t<img decoding=\"async\" src=\"https:\/\/dimax.al\/wp-content\/uploads\/2018\/11\/h.jpg\" alt=\"null\">\n\t<h3  data-ultimate-target='#interactive-banner-1-wrap-7671 .bb-top-title '  data-responsive-json-new='{\"font-size\":\"desktop:15px;\",\"line-height\":\"\"}'  class=\"title-center bb-top-title ult-responsive\" style=\"font-weight:bold;background:#fcd404;color:#000000;\">TUBA<\/h3>\n\t<div class=\"mask opaque-background\" style=\"background:rgba(36,36,36,0.23);\">\n\t\t<div  data-ultimate-target='#interactive-banner-1-wrap-7671 .bb-description'  data-responsive-json-new='{\"font-size\":\"\",\"line-height\":\"\"}'  class=\"bb-description ult-responsive\" style=\"font-weight:normal;color:#ffffff;\"><\/div>\n\t<\/div><a class=\"bb-link\" href=\"\/index.php\/tuba\/\" ><\/a>\n<\/div>[\/vc_column][vc_column width=&#8221;1\/4&#8243;]\n<div tabindex=\"0\" id=\"interactive-banner-1-wrap-9553\" class=\"ult-banner-block ult-adjust-bottom-margin ult-bb-box  banner-style01 \"   style=\"\">\n\t<img decoding=\"async\" src=\"https:\/\/dimax.al\/wp-content\/uploads\/2018\/11\/333.jpg\" alt=\"null\">\n\t<h3  data-ultimate-target='#interactive-banner-1-wrap-9553 .bb-top-title '  data-responsive-json-new='{\"font-size\":\"desktop:15px;\",\"line-height\":\"\"}'  class=\"title-center bb-top-title ult-responsive\" style=\"font-weight:bold;background:#fcd404;color:#000000;\">REKORDE<\/h3>\n\t<div class=\"mask opaque-background\" style=\"background:rgba(36,36,36,0.23);\">\n\t\t<div  data-ultimate-target='#interactive-banner-1-wrap-9553 .bb-description'  data-responsive-json-new='{\"font-size\":\"\",\"line-height\":\"\"}'  class=\"bb-description ult-responsive\" style=\"font-weight:normal;color:#ffffff;\"><\/div>\n\t<\/div><a class=\"bb-link\" href=\"\/index.php\/rekorde\/\" ><\/a>\n<\/div>[\/vc_column][vc_column width=&#8221;1\/4&#8243;]\n<div tabindex=\"0\" id=\"interactive-banner-1-wrap-8078\" class=\"ult-banner-block ult-adjust-bottom-margin ult-bb-box  banner-style01 \"   style=\"\">\n\t<img decoding=\"async\" src=\"https:\/\/dimax.al\/wp-content\/uploads\/2020\/02\/Black-and-White-Quote-Instagram-Post-1-1.jpg\" alt=\"null\">\n\t<h3  data-ultimate-target='#interactive-banner-1-wrap-8078 .bb-top-title '  data-responsive-json-new='{\"font-size\":\"desktop:15px;\",\"line-height\":\"\"}'  class=\"title-center bb-top-title ult-responsive\" style=\"font-weight:bold;background:#fcd404;color:#000000;\">MAKINERI PRESIMI<\/h3>\n\t<div class=\"mask opaque-background\" style=\"background:rgba(36,36,36,0.23);\">\n\t\t<div  data-ultimate-target='#interactive-banner-1-wrap-8078 .bb-description'  data-responsive-json-new='{\"font-size\":\"\",\"line-height\":\"\"}'  class=\"bb-description ult-responsive\" style=\"font-weight:normal;color:#ffffff;\"><\/div>\n\t<\/div><a class=\"bb-link\" href=\"https:\/\/dimax.al\/index.php\/makineri-presimi\/\" ><\/a>\n<\/div>[\/vc_column][vc_column width=&#8221;1\/4&#8243;]\n<div tabindex=\"0\" id=\"interactive-banner-1-wrap-5784\" class=\"ult-banner-block ult-adjust-bottom-margin ult-bb-box  banner-style01 \"   style=\"\">\n\t<img decoding=\"async\" src=\"https:\/\/dimax.al\/wp-content\/uploads\/2019\/04\/componenti-accessori-1.jpg\" alt=\"null\">\n\t<h3  data-ultimate-target='#interactive-banner-1-wrap-5784 .bb-top-title '  data-responsive-json-new='{\"font-size\":\"desktop:15px;\",\"line-height\":\"\"}'  class=\"title-center bb-top-title ult-responsive\" style=\"font-weight:bold;background:#fcd404;color:#000000;\">PRODUKTE TE TJERA<\/h3>\n\t<div class=\"mask opaque-background\" style=\"background:rgba(36,36,36,0.23);\">\n\t\t<div  data-ultimate-target='#interactive-banner-1-wrap-5784 .bb-description'  data-responsive-json-new='{\"font-size\":\"\",\"line-height\":\"\"}'  class=\"bb-description ult-responsive\" style=\"font-weight:normal;color:#ffffff;\"><\/div>\n\t<\/div><a class=\"bb-link\" href=\"\/index.php\/produkte-te-tjera\/\" ><\/a>\n<\/div>[\/vc_column][\/vc_row][vc_row bg_type=&#8221;image&#8221; parallax_style=&#8221;vcpb-default&#8221; bg_image_new=&#8221;id^25|url^https:\/\/dimax.al\/wp-content\/uploads\/2018\/11\/header-2-offshore_thermoplastic_tubing_hose_ZEC_3-3.jpg|caption^null|alt^null|title^null|description^null&#8221; bg_image_repeat=&#8221;no-repeat&#8221; bg_override=&#8221;ex-full&#8221;][vc_column][vc_custom_heading text=&#8221;PARTNERI JUAJ INDUSTRIAL!<br \/>\n&#8221; font_container=&#8221;tag:h2|font_size:30|text_align:left|color:%23ffffff&#8221; google_fonts=&#8221;font_family:Bitter%3Aregular%2Citalic%2C700|font_style:400%20regular%3A400%3Anormal&#8221; css=&#8221;.vc_custom_1542622085470{margin-top: -10px !important;}&#8221;][vc_separator color=&#8221;custom&#8221; border_width=&#8221;2&#8243; accent_color=&#8221;#fcd404&#8243;][vc_row_inner][vc_column_inner width=&#8221;1\/3&#8243;]<div class=\"aio-icon-component    style_1\"><div id=\"Info-box-wrap-2697\" class=\"aio-icon-box top-icon\" style=\"\"  ><div class=\"aio-icon-top\"><div class=\"ult-just-icon-wrapper  \"><div class=\"align-icon\" style=\"text-align:center;\">\n<div class=\"aio-icon-img \" style=\"font-size:65px;border-style:solid;border-color:#fcd404;border-width:1px;padding:30px;border-radius:500px;display:inline-block;\" >\n\t<img decoding=\"async\" class=\"img-icon\" alt=\"null\" src=\"https:\/\/dimax.al\/wp-content\/uploads\/2018\/11\/Capture.png\"\/>\n<\/div><\/div><\/div><\/div><div class=\"aio-icon-header\" ><h3 class=\"aio-icon-title ult-responsive\"  data-ultimate-target='#Info-box-wrap-2697 .aio-icon-title'  data-responsive-json-new='{\"font-size\":\"desktop:22px;\",\"line-height\":\"\"}'  style=\"font-weight:bold;color:#ffffff;\">PROFESIONAL<\/h3><\/div> <!-- header --><div class=\"aio-icon-description ult-responsive\"  data-ultimate-target='#Info-box-wrap-2697 .aio-icon-description'  data-responsive-json-new='{\"font-size\":\"\",\"line-height\":\"\"}'  style=\"\"><strong>Jemi gjithmone prane jush me nje staf profesional dhe korrekt!<\/strong><\/div> <!-- description --><\/div> <!-- aio-icon-box --><\/div> <!-- aio-icon-component -->[\/vc_column_inner][vc_column_inner width=&#8221;1\/3&#8243;]<div class=\"aio-icon-component    style_1\"><div id=\"Info-box-wrap-6503\" class=\"aio-icon-box top-icon\" style=\"\"  ><div class=\"aio-icon-top\"><div class=\"ult-just-icon-wrapper  \"><div class=\"align-icon\" style=\"text-align:center;\">\n<div class=\"aio-icon-img \" style=\"font-size:65px;border-style:solid;border-color:#fcd404;border-width:1px;padding:30px;border-radius:500px;display:inline-block;\" >\n\t<img decoding=\"async\" class=\"img-icon\" alt=\"null\" src=\"https:\/\/dimax.al\/wp-content\/uploads\/2018\/11\/Capture1-1.png\"\/>\n<\/div><\/div><\/div><\/div><div class=\"aio-icon-header\" ><h3 class=\"aio-icon-title ult-responsive\"  data-ultimate-target='#Info-box-wrap-6503 .aio-icon-title'  data-responsive-json-new='{\"font-size\":\"desktop:22px;\",\"line-height\":\"\"}'  style=\"font-weight:bold;color:#ffffff;\">STANDARTE T\u00cb LARTA<\/h3><\/div> <!-- header --><div class=\"aio-icon-description ult-responsive\"  data-ultimate-target='#Info-box-wrap-6503 .aio-icon-description'  data-responsive-json-new='{\"font-size\":\"\",\"line-height\":\"\"}'  style=\"\"><strong>Ofrojme produkte t\u00eb \u00e7ertifikuara sipas standardit europian :<\/strong><\/p>\n<p><strong>\u2013 ISO 9001:2000<\/strong><\/p>\n<p><strong>\u2013 ISO 9001 Quality Certification<\/strong><br \/>\n<strong>\u2013 ISO 14001 Environment Certification<\/strong><\/div> <!-- description --><\/div> <!-- aio-icon-box --><\/div> <!-- aio-icon-component -->[\/vc_column_inner][vc_column_inner width=&#8221;1\/3&#8243;][vc_empty_space][vc_single_image image=&#8221;26&#8243; img_size=&#8221;full&#8221; alignment=&#8221;center&#8221;][\/vc_column_inner][\/vc_row_inner][\/vc_column][\/vc_row][vc_row css=&#8221;.vc_custom_1596703788652{margin-bottom: -70px !important;}&#8221;][vc_column width=&#8221;1\/2&#8243;][\/vc_column][vc_column width=&#8221;1\/2&#8243;][\/vc_column][\/vc_row]<\/p>\n<\/div>","protected":false},"excerpt":{"rendered":"<p>[vc_row bg_type=&#8221;bg_color&#8221; bg_override=&#8221;ex-full&#8221; css=&#8221;.vc_custom_1542793306557{margin-top: -70px !important;}&#8221; bg_color_value=&#8221;#fcd200&#8243;][vc_column width=&#8221;2\/3&#8243;][vc_custom_heading text=&#8221;P\u00ebr \u00e7do pyetje mos hezitoni t\u00eb na kontaktoni&#8221; font_container=&#8221;tag:h2|font_size:26|text_align:center|color:%23494949&#8243; google_fonts=&#8221;font_family:Bitter%3Aregular%2Citalic%2C700|font_style:400%20regular%3A400%3Anormal&#8221; css=&#8221;.vc_custom_1542620467539{padding-left: 20px !important;}&#8221;][\/vc_column][vc_column width=&#8221;1\/3&#8243;][vc_btn title=&#8221;Kontakt&#8221; style=&#8221;custom&#8221; custom_background=&#8221;#3a3a3c&#8221; custom_text=&#8221;#ffffff&#8221; shape=&#8221;square&#8221; size=&#8221;lg&#8221; align=&#8221;center&#8221; css=&#8221;.vc_custom_1542788310218{margin-top: -10px !important;}&#8221; link=&#8221;url:%2Findex.php%2Fkontakt%2F|||&#8221;][\/vc_column][\/vc_row][vc_row][vc_column width=&#8221;1\/2&#8243;][vc_custom_heading text=&#8221;MIR\u00cbSEVINI N\u00cb WEBSITE-IN TON\u00cb &#8221; font_container=&#8221;tag:h2|font_size:19.2855px|text_align:left|color:%23727272&#8243; google_fonts=&#8221;font_family:Bitter%3Aregular%2Citalic%2C700|font_style:400%20regular%3A400%3Anormal&#8221;][vc_custom_heading text=&#8221;Dimax Albania sh.p.k&#8221; font_container=&#8221;tag:h2|font_size:40px|text_align:left|color:%23353535&#8243; google_fonts=&#8221;font_family:Bitter%3Aregular%2Citalic%2C700|font_style:700%20bold%20regular%3A700%3Anormal&#8221; css=&#8221;.vc_custom_1553614837114{margin-top: -20px !important;}&#8221;][vc_column_text] Dimax Albania,\u00a0e themeluar n\u00eb vitin 2013,\u00a0\u00ebsht\u00eb&hellip;<\/p>\n","protected":false},"author":4,"featured_media":0,"parent":0,"menu_order":0,"comment_status":"closed","ping_status":"closed","template":"","meta":{"footnotes":""},"class_list":["post-7","page","type-page","status-publish","hentry","description-off"],"_links":{"self":[{"href":"https:\/\/dimax.al\/index.php\/wp-json\/wp\/v2\/pages\/7","targetHints":{"allow":["GET"]}}],"collection":[{"href":"https:\/\/dimax.al\/index.php\/wp-json\/wp\/v2\/pages"}],"about":[{"href":"https:\/\/dimax.al\/index.php\/wp-json\/wp\/v2\/types\/page"}],"author":[{"embeddable":true,"href":"https:\/\/dimax.al\/index.php\/wp-json\/wp\/v2\/users\/4"}],"replies":[{"embeddable":true,"href":"https:\/\/dimax.al\/index.php\/wp-json\/wp\/v2\/comments?post=7"}],"version-history":[{"count":17,"href":"https:\/\/dimax.al\/index.php\/wp-json\/wp\/v2\/pages\/7\/revisions"}],"predecessor-version":[{"id":3720,"href":"https:\/\/dimax.al\/index.php\/wp-json\/wp\/v2\/pages\/7\/revisions\/3720"}],"wp:attachment":[{"href":"https:\/\/dimax.al\/index.php\/wp-json\/wp\/v2\/media?parent=7"}],"curies":[{"name":"wp","href":"https:\/\/api.w.org\/{rel}","templated":true}]}}